{"id":1432,"date":"2025-12-12T16:28:34","date_gmt":"2025-12-12T15:28:34","guid":{"rendered":"https:\/\/www.billhills.de\/?page_id=1432"},"modified":"2026-01-21T13:13:36","modified_gmt":"2026-01-21T12:13:36","slug":"datenschutzerklaerung-2","status":"publish","type":"page","link":"https:\/\/www.billhills.de\/en\/datenschutzerklaerung-2\/","title":{"rendered":"Legal Notice"},"content":{"rendered":"<div data-elementor-type=\"wp-page\" data-elementor-id=\"1432\" class=\"elementor elementor-1432\" data-elementor-post-type=\"page\">\n\t\t\t\t<div class=\"elementor-element elementor-element-3afaabb e-flex e-con-boxed e-con e-parent\" data-id=\"3afaabb\" data-element_type=\"container\">\n\t\t\t\t\t<div class=\"e-con-inner\">\n\t\t\t\t<div class=\"elementor-element elementor-element-bafe29f elementor-widget elementor-widget-heading\" data-id=\"bafe29f\" data-element_type=\"widget\" data-widget_type=\"heading.default\">\n\t\t\t\t\t<h2 class=\"elementor-heading-title elementor-size-default\">Legal Notice<\/h2>\t\t\t\t<\/div>\n\t\t\t\t\t<\/div>\n\t\t\t\t<\/div>\n\t\t<div class=\"elementor-element elementor-element-d3b1993 e-flex e-con-boxed e-con e-parent\" data-id=\"d3b1993\" data-element_type=\"container\">\n\t\t\t\t\t<div class=\"e-con-inner\">\n\t\t\t\t<div class=\"elementor-element elementor-element-d5e1612 elementor-widget elementor-widget-text-editor\" data-id=\"d5e1612\" data-element_type=\"widget\" data-widget_type=\"text-editor.default\">\n\t\t\t\t\t\t\t\t\t<p>Angaben gem\u00e4\u00df \u00a7 5 TMG<br \/>BillHills GmbH<br \/>Maxenlohe 17<br \/>90562 Heroldsberg<br \/>Handelsregister: HRB 21327<br \/>Registergericht: F\u00fcrth<\/p><p>Vertreten durch:<\/p><p>Franz Billmann<\/p><p>Kontakt<br \/>Telefon: 0151 20607020<br \/>E-Mail: hello@billhills.de<\/p><p>Postadresse<br \/>BillHills GmbH<br \/>Maxenlohe 17<br \/>90562 Heroldsberg<\/p><p>Umsatzsteuer-ID<br \/>Umsatzsteuer-Identifikationsnummer gem\u00e4\u00df \u00a7 27a UStG:<br \/>DE400545783<\/p><p>Verantwortlich f\u00fcr den Inhalt nach \u00a7 55 Abs. 2 RStV<br \/>Franz Billmann<\/p><p>Streitschlichtung<br \/>Die Europ\u00e4ische Kommission stellt eine Plattform zur Online-Streitbeilegung (OS) bereit:<br \/>https:\/\/ec.europa.eu\/consumers\/odr<br \/>Unsere E-Mail-Adresse finden Sie oben im Impressum.<br \/>Wir sind nicht bereit oder verpflichtet, an Streitbeilegungsverfahren vor einer<br \/>Verbraucherschlichtungsstelle teilzunehmen.<\/p><p>Konzeption, Gestaltung und Programmierung<br \/>XPORT Communication GmbH<br \/>Digitalmarketing f\u00fcr Hotels &amp;amp; Tourismus<br \/>www.xport.de<\/p><p>Haftung f\u00fcr Inhalte<br \/>Als Diensteanbieter sind wir gem\u00e4\u00df \u00a7 7 Abs. 1 TMG f\u00fcr eigene Inhalte auf diesen Seiten nach<br \/>den allgemeinen Gesetzen verantwortlich.<br \/>Nach \u00a7\u00a7 8 bis 10 TMG sind wir als Diensteanbieter jedoch nicht verpflichtet, \u00fcbermittelte<br \/>oder gespeicherte fremde Informationen zu \u00fcberwachen oder nach Umst\u00e4nden zu forschen,<br \/>die auf eine rechtswidrige T\u00e4tigkeit hinweisen.<br \/>Verpflichtungen zur Entfernung oder Sperrung der Nutzung von Informationen nach den<br \/>allgemeinen Gesetzen bleiben hiervon unber\u00fchrt. Eine Haftung ist jedoch erst ab dem<br \/>Zeitpunkt der Kenntnis einer konkreten Rechtsverletzung m\u00f6glich.<br \/>Bei Bekanntwerden entsprechender Rechtsverletzungen werden wir diese Inhalte umgehend<br \/>entfernen.<\/p><p>Haftung f\u00fcr Links<br \/>Unser Angebot enth\u00e4lt Links zu externen Websites Dritter, auf deren Inhalte wir keinen<br \/>Einfluss haben. Deshalb k\u00f6nnen wir f\u00fcr diese fremden Inhalte keine Gew\u00e4hr \u00fcbernehmen.<br \/>F\u00fcr die Inhalte der verlinkten Seiten ist stets der jeweilige Anbieter oder Betreiber<br \/>verantwortlich. Die verlinkten Seiten wurden zum Zeitpunkt der Verlinkung auf m\u00f6gliche<br \/>Rechtsverst\u00f6\u00dfe \u00fcberpr\u00fcft; rechtswidrige Inhalte waren zu diesem Zeitpunkt nicht erkennbar.<br \/>Eine permanente inhaltliche Kontrolle verlinkter Seiten ist ohne konkrete Anhaltspunkte einer<br \/>Rechtsverletzung nicht zumutbar.<br \/>Bei Bekanntwerden von Rechtsverletzungen werden derartige Links umgehend entfernt.<\/p><p>Urheberrecht<br \/>Die durch den Seitenbetreiber erstellten Inhalte und Werke auf diesen Seiten unterliegen dem<br \/>deutschen Urheberrecht.<br \/>Vervielf\u00e4ltigung, Bearbeitung, Verbreitung und jede Art der Verwertung au\u00dferhalb der<br \/>Grenzen des Urheberrechts bed\u00fcrfen der schriftlichen Zustimmung des jeweiligen Autors<br \/>bzw. Erstellers.<br \/>Downloads und Kopien dieser Seite sind nur f\u00fcr den privaten, nicht kommerziellen Gebrauch<br \/>gestattet.<br \/>Soweit Inhalte nicht vom Betreiber erstellt wurden, werden die Urheberrechte Dritter beachtet<br \/>und entsprechende Inhalte als solche gekennzeichnet.<br \/>Sollten Sie dennoch auf eine Urheberrechtsverletzung aufmerksam werden, bitten wir um<br \/>einen entsprechenden Hinweis.<br \/>Bei Bekanntwerden von Rechtsverletzungen werden derartige Inhalte umgehend entfernt.<\/p>\t\t\t\t\t\t\t\t<\/div>\n\t\t\t\t\t<\/div>\n\t\t\t\t<\/div>\n\t\t\t\t<\/div>","protected":false},"excerpt":{"rendered":"<p>Impressum Angaben gem\u00e4\u00df \u00a7 5 TMGBillHills GmbHMaxenlohe 1790562 HeroldsbergHandelsregister: HRB 21327Registergericht: F\u00fcrth Vertreten durch: Franz Billmann KontaktTelefon: 0151 20607020E-Mail: hello@billhills.de PostadresseBillHills GmbHMaxenlohe 1790562 Heroldsberg Umsatzsteuer-IDUmsatzsteuer-Identifikationsnummer gem\u00e4\u00df \u00a7 27a UStG:DE400545783 Verantwortlich f\u00fcr den Inhalt nach \u00a7 55 Abs. 2 RStVFranz Billmann StreitschlichtungDie Europ\u00e4ische Kommission stellt eine Plattform zur Online-Streitbeilegung (OS) bereit:https:\/\/ec.europa.eu\/consumers\/odrUnsere E-Mail-Adresse finden Sie oben im [&hellip;]<\/p>","protected":false},"author":1,"featured_media":0,"parent":0,"menu_order":0,"comment_status":"closed","ping_status":"closed","template":"","meta":{"footnotes":""},"class_list":["post-1432","page","type-page","status-publish","hentry"],"_links":{"self":[{"href":"https:\/\/www.billhills.de\/en\/wp-json\/wp\/v2\/pages\/1432","targetHints":{"allow":["GET"]}}],"collection":[{"href":"https:\/\/www.billhills.de\/en\/wp-json\/wp\/v2\/pages"}],"about":[{"href":"https:\/\/www.billhills.de\/en\/wp-json\/wp\/v2\/types\/page"}],"author":[{"embeddable":true,"href":"https:\/\/www.billhills.de\/en\/wp-json\/wp\/v2\/users\/1"}],"replies":[{"embeddable":true,"href":"https:\/\/www.billhills.de\/en\/wp-json\/wp\/v2\/comments?post=1432"}],"version-history":[{"count":5,"href":"https:\/\/www.billhills.de\/en\/wp-json\/wp\/v2\/pages\/1432\/revisions"}],"predecessor-version":[{"id":1485,"href":"https:\/\/www.billhills.de\/en\/wp-json\/wp\/v2\/pages\/1432\/revisions\/1485"}],"wp:attachment":[{"href":"https:\/\/www.billhills.de\/en\/wp-json\/wp\/v2\/media?parent=1432"}],"curies":[{"name":"wp","href":"https:\/\/api.w.org\/{rel}","templated":true}]}}